{"id":1014,"date":"2025-10-14T01:27:33","date_gmt":"2025-10-14T01:27:33","guid":{"rendered":"https:\/\/shabalifeclub.com\/service-details\/"},"modified":"2026-02-09T21:03:48","modified_gmt":"2026-02-09T21:03:48","slug":"service-details","status":"publish","type":"page","link":"https:\/\/shabalifeclub.com\/en\/service-details\/","title":{"rendered":"Service Details"},"content":{"rendered":"<section class=\"membership-tabs\">\n\t<div class=\"container\">\n\n\t\t<!-- TAB MEN\u00dc BA\u015eLIKLARI -->\n\t\t<div class=\"membership-tabs__nav\">\n\t\t\t\t\t\t\t\t\t<button class=\"membership-tabs__nav-btn is-active\" data-tab=\"tab-0\">\n\t\t\t\tOUR MEMBERSHIP SERVICES \t\t\t\t<img class=\"line\" src=\"https:\/\/shabalifeclub.com\/wp-content\/themes\/shaba\/assets\/img\/long-line.png\" alt=\"\" loading=\"lazy\" decoding=\"async\">\n\t\t\t<\/button>\n\t\t\t\t\t\t\t\t\t<button class=\"membership-tabs__nav-btn \" data-tab=\"tab-1\">\n\t\t\t\tOUR ADDITIONAL SERVICES\t\t\t\t<img class=\"line\" src=\"https:\/\/shabalifeclub.com\/wp-content\/themes\/shaba\/assets\/img\/long-line.png\" alt=\"\" loading=\"lazy\" decoding=\"async\">\n\t\t\t<\/button>\n\t\t\t\t\t<\/div>\n\n\t\t<!-- TAB \u0130\u00c7ER\u0130KLER\u0130 -->\n\t\t<div class=\"membership-tabs__content\">\n\t\t\t\t\t\t\t\t\t<div id=\"tab-0\" class=\"membership-tab-panel is-active\">\n\n\t\t\t\t<div class=\"membership-tab-panel__desc\">\n\t\t\t\t\t<p>Your Shaba Life Club membership offers the privilege of joining not just a gym, but a community that puts healthy living at its center.<br \/>\n<strong>As part of your membership, you can enjoy all of the following services free of charge:<\/strong><\/p>\n\t\t\t\t<\/div>\n\n\t\t\t\t\t\t\t\t<div class=\"membership-tab-panel__boxes\">\n\t\t\t\t\t\t\t\t\t\t<div class=\"membership-box\">\n\n\t\t\t\t\t\t\t\t\t\t\t\t<div class=\"membership-box__image\">\n\t\t\t\t\t\t\t<img width=\"792\" height=\"471\" src=\"https:\/\/shabalifeclub.com\/wp-content\/uploads\/2025\/10\/tab-left.png\" class=\"attachment-full size-full\" alt=\"\" srcset=\"https:\/\/shabalifeclub.com\/wp-content\/uploads\/2025\/10\/tab-left.png 792w, https:\/\/shabalifeclub.com\/wp-content\/uploads\/2025\/10\/tab-left-300x178.png 300w, https:\/\/shabalifeclub.com\/wp-content\/uploads\/2025\/10\/tab-left-768x457.png 768w\" sizes=\"auto, (max-width: 792px) 100vw, 792px\" decoding=\"async\" loading=\"lazy\" \/>\t\t\t\t\t\t<\/div>\n\t\t\t\t\t\t\n\t\t\t\t\t\t\t\t\t\t\t\t<div class=\"membership-box__content\">\n\t\t\t\t\t\t\t\t\t\t\t\t\t\t<div class=\"membership-box__item\">\n\t\t\t\t\t\t\t\t<h4 class=\"membership-box__item-title\">\n\t\t\t\t\t\t\t\t\tSteam Room\t\t\t\t\t\t\t\t\t<img class=\"mobile-on\" src=\"https:\/\/shabalifeclub.com\/wp-content\/themes\/shaba\/assets\/img\/down-arrow-form.svg\" alt=\"\" loading=\"lazy\" decoding=\"async\">\n\t\t\t\t\t\t\t\t<\/h4>\n\t\t\t\t\t\t\t\t<div class=\"membership-box__item-desc\">\n\t\t\t\t\t\t\t\t\t<p>Helps muscles relax, cleanses the skin, and<br \/>\nrelaxes the mind.<\/p>\n\t\t\t\t\t\t\t\t<\/div>\n\t\t\t\t\t\t\t<\/div>\n\t\t\t\t\t\t\t\t\t\t\t\t\t\t<div class=\"membership-box__item\">\n\t\t\t\t\t\t\t\t<h4 class=\"membership-box__item-title\">\n\t\t\t\t\t\t\t\t\tSauna\t\t\t\t\t\t\t\t\t<img class=\"mobile-on\" src=\"https:\/\/shabalifeclub.com\/wp-content\/themes\/shaba\/assets\/img\/down-arrow-form.svg\" alt=\"\" loading=\"lazy\" decoding=\"async\">\n\t\t\t\t\t\t\t\t<\/h4>\n\t\t\t\t\t\t\t\t<div class=\"membership-box__item-desc\">\n\t\t\t\t\t\t\t\t\t<p>Provides detoxification, eliminates toxins from the body, and accelerates blood circulation.<\/p>\n\t\t\t\t\t\t\t\t<\/div>\n\t\t\t\t\t\t\t<\/div>\n\t\t\t\t\t\t\t\t\t\t\t\t\t\t<div class=\"membership-box__item\">\n\t\t\t\t\t\t\t\t<h4 class=\"membership-box__item-title\">\n\t\t\t\t\t\t\t\t\tRest Area\t\t\t\t\t\t\t\t\t<img class=\"mobile-on\" src=\"https:\/\/shabalifeclub.com\/wp-content\/themes\/shaba\/assets\/img\/down-arrow-form.svg\" alt=\"\" loading=\"lazy\" decoding=\"async\">\n\t\t\t\t\t\t\t\t<\/h4>\n\t\t\t\t\t\t\t\t<div class=\"membership-box__item-desc\">\n\t\t\t\t\t\t\t\t\t<p>A special relaxation area that offers silence, peace, and comfort after training.<\/p>\n\t\t\t\t\t\t\t\t<\/div>\n\t\t\t\t\t\t\t<\/div>\n\t\t\t\t\t\t\t\t\t\t\t\t\t\t<div class=\"membership-box__item\">\n\t\t\t\t\t\t\t\t<h4 class=\"membership-box__item-title\">\n\t\t\t\t\t\t\t\t\tWi-Fi Access\t\t\t\t\t\t\t\t\t<img class=\"mobile-on\" src=\"https:\/\/shabalifeclub.com\/wp-content\/themes\/shaba\/assets\/img\/down-arrow-form.svg\" alt=\"\" loading=\"lazy\" decoding=\"async\">\n\t\t\t\t\t\t\t\t<\/h4>\n\t\t\t\t\t\t\t\t<div class=\"membership-box__item-desc\">\n\t\t\t\t\t\t\t\t\t<p>Fast and free internet connection throughout the facility.<\/p>\n\t\t\t\t\t\t\t\t<\/div>\n\t\t\t\t\t\t\t<\/div>\n\t\t\t\t\t\t\t\t\t\t\t\t\t\t<div class=\"membership-box__item\">\n\t\t\t\t\t\t\t\t<h4 class=\"membership-box__item-title\">\n\t\t\t\t\t\t\t\t\tTable Tennis\t\t\t\t\t\t\t\t\t<img class=\"mobile-on\" src=\"https:\/\/shabalifeclub.com\/wp-content\/themes\/shaba\/assets\/img\/down-arrow-form.svg\" alt=\"\" loading=\"lazy\" decoding=\"async\">\n\t\t\t\t\t\t\t\t<\/h4>\n\t\t\t\t\t\t\t\t<div class=\"membership-box__item-desc\">\n\t\t\t\t\t\t\t\t\t<p>A fun alternative to spend enjoyable time after sports.<\/p>\n\t\t\t\t\t\t\t\t<\/div>\n\t\t\t\t\t\t\t<\/div>\n\t\t\t\t\t\t\t\t\t\t\t\t\t\t<div class=\"membership-box__item\">\n\t\t\t\t\t\t\t\t<h4 class=\"membership-box__item-title\">\n\t\t\t\t\t\t\t\t\tOutdoor \/ Indoor Pool\t\t\t\t\t\t\t\t\t<img class=\"mobile-on\" src=\"https:\/\/shabalifeclub.com\/wp-content\/themes\/shaba\/assets\/img\/down-arrow-form.svg\" alt=\"\" loading=\"lazy\" decoding=\"async\">\n\t\t\t\t\t\t\t\t<\/h4>\n\t\t\t\t\t\t\t\t<div class=\"membership-box__item-desc\">\n\t\t\t\t\t\t\t\t\t<p>Our outdoor and indoor pools are at your service in all four seasons, with the coolness of summer and the comfort of winter.<\/p>\n\t\t\t\t\t\t\t\t<\/div>\n\t\t\t\t\t\t\t<\/div>\n\t\t\t\t\t\t\t\t\t\t\t\t\t<\/div>\n\t\t\t\t\t\t\n\t\t\t\t\t<\/div>\n\t\t\t\t\t\t\t\t\t\t<div class=\"membership-box\">\n\n\t\t\t\t\t\t\t\t\t\t\t\t<div class=\"membership-box__image\">\n\t\t\t\t\t\t\t<img width=\"792\" height=\"471\" src=\"https:\/\/shabalifeclub.com\/wp-content\/uploads\/2025\/10\/tab-right.png\" class=\"attachment-full size-full\" alt=\"\" srcset=\"https:\/\/shabalifeclub.com\/wp-content\/uploads\/2025\/10\/tab-right.png 792w, https:\/\/shabalifeclub.com\/wp-content\/uploads\/2025\/10\/tab-right-300x178.png 300w, https:\/\/shabalifeclub.com\/wp-content\/uploads\/2025\/10\/tab-right-768x457.png 768w\" sizes=\"auto, (max-width: 792px) 100vw, 792px\" decoding=\"async\" loading=\"lazy\" \/>\t\t\t\t\t\t<\/div>\n\t\t\t\t\t\t\n\t\t\t\t\t\t\t\t\t\t\t\t<div class=\"membership-box__content\">\n\t\t\t\t\t\t\t\t\t\t\t\t\t\t<div class=\"membership-box__item\">\n\t\t\t\t\t\t\t\t<h4 class=\"membership-box__item-title\">\n\t\t\t\t\t\t\t\t\tOutdoor Fitness \/ Outdoor Studio\t\t\t\t\t\t\t\t\t<img class=\"mobile-on\" src=\"https:\/\/shabalifeclub.com\/wp-content\/themes\/shaba\/assets\/img\/down-arrow-form.svg\" alt=\"\" loading=\"lazy\" decoding=\"async\">\n\t\t\t\t\t\t\t\t<\/h4>\n\t\t\t\t\t\t\t\t<div class=\"membership-box__item-desc\">\n\t\t\t\t\t\t\t\t\t<p>A special outdoor area designed for functional training, yoga, and group classes in the fresh air.<\/p>\n\t\t\t\t\t\t\t\t<\/div>\n\t\t\t\t\t\t\t<\/div>\n\t\t\t\t\t\t\t\t\t\t\t\t\t\t<div class=\"membership-box__item\">\n\t\t\t\t\t\t\t\t<h4 class=\"membership-box__item-title\">\n\t\t\t\t\t\t\t\t\tCardiovascular &amp; Physical Tests\t\t\t\t\t\t\t\t\t<img class=\"mobile-on\" src=\"https:\/\/shabalifeclub.com\/wp-content\/themes\/shaba\/assets\/img\/down-arrow-form.svg\" alt=\"\" loading=\"lazy\" decoding=\"async\">\n\t\t\t\t\t\t\t\t<\/h4>\n\t\t\t\t\t\t\t\t<div class=\"membership-box__item-desc\">\n\t\t\t\t\t\t\t\t\t<p>Allows you to analyze your performance and track your progress with scientific data.<\/p>\n\t\t\t\t\t\t\t\t<\/div>\n\t\t\t\t\t\t\t<\/div>\n\t\t\t\t\t\t\t\t\t\t\t\t\t\t<div class=\"membership-box__item\">\n\t\t\t\t\t\t\t\t<h4 class=\"membership-box__item-title\">\n\t\t\t\t\t\t\t\t\tProgram &amp; Body Analysis Every 4\u20136 Weeks\t\t\t\t\t\t\t\t\t<img class=\"mobile-on\" src=\"https:\/\/shabalifeclub.com\/wp-content\/themes\/shaba\/assets\/img\/down-arrow-form.svg\" alt=\"\" loading=\"lazy\" decoding=\"async\">\n\t\t\t\t\t\t\t\t<\/h4>\n\t\t\t\t\t\t\t\t<div class=\"membership-box__item-desc\">\n\t\t\t\t\t\t\t\t\t<p>Track your progress with a personal program prepared by professional trainers and regular body measurements.<\/p>\n\t\t\t\t\t\t\t\t<\/div>\n\t\t\t\t\t\t\t<\/div>\n\t\t\t\t\t\t\t\t\t\t\t\t\t\t<div class=\"membership-box__item\">\n\t\t\t\t\t\t\t\t<h4 class=\"membership-box__item-title\">\n\t\t\t\t\t\t\t\t\tGroup Lessons\t\t\t\t\t\t\t\t\t<img class=\"mobile-on\" src=\"https:\/\/shabalifeclub.com\/wp-content\/themes\/shaba\/assets\/img\/down-arrow-form.svg\" alt=\"\" loading=\"lazy\" decoding=\"async\">\n\t\t\t\t\t\t\t\t<\/h4>\n\t\t\t\t\t\t\t\t<div class=\"membership-box__item-desc\">\n\t\t\t\t\t\t\t\t\t<p>Renew your energy with Yoga, Pilates, Functional Training, Dance, Bootcamp, and many more group lessons.<\/p>\n\t\t\t\t\t\t\t\t<\/div>\n\t\t\t\t\t\t\t<\/div>\n\t\t\t\t\t\t\t\t\t\t\t\t\t\t<div class=\"membership-box__item\">\n\t\t\t\t\t\t\t\t<h4 class=\"membership-box__item-title\">\n\t\t\t\t\t\t\t\t\tDietitian &amp; Physiotherapist Preliminary Consultation\t\t\t\t\t\t\t\t\t<img class=\"mobile-on\" src=\"https:\/\/shabalifeclub.com\/wp-content\/themes\/shaba\/assets\/img\/down-arrow-form.svg\" alt=\"\" loading=\"lazy\" decoding=\"async\">\n\t\t\t\t\t\t\t\t<\/h4>\n\t\t\t\t\t\t\t\t<div class=\"membership-box__item-desc\">\n\t\t\t\t\t\t\t\t\t<p>Meet our expert team and get the most appropriate guidance for your goals.<\/p>\n\t\t\t\t\t\t\t\t<\/div>\n\t\t\t\t\t\t\t<\/div>\n\t\t\t\t\t\t\t\t\t\t\t\t\t\t<div class=\"membership-box__item\">\n\t\t\t\t\t\t\t\t<h4 class=\"membership-box__item-title\">\n\t\t\t\t\t\t\t\t\tTowel Service\t\t\t\t\t\t\t\t\t<img class=\"mobile-on\" src=\"https:\/\/shabalifeclub.com\/wp-content\/themes\/shaba\/assets\/img\/down-arrow-form.svg\" alt=\"\" loading=\"lazy\" decoding=\"async\">\n\t\t\t\t\t\t\t\t<\/h4>\n\t\t\t\t\t\t\t\t<div class=\"membership-box__item-desc\">\n\t\t\t\t\t\t\t\t\t<p>Free towel supply for daily use, hygiene and comfort specific to each member.<\/p>\n\t\t\t\t\t\t\t\t<\/div>\n\t\t\t\t\t\t\t<\/div>\n\t\t\t\t\t\t\t\t\t\t\t\t\t<\/div>\n\t\t\t\t\t\t\n\t\t\t\t\t<\/div>\n\t\t\t\t\t\t\t\t\t<\/div>\n\t\t\t\t\n\t\t\t<\/div>\n\t\t\t\t\t\t\t\t\t<div id=\"tab-1\" class=\"membership-tab-panel \">\n\n\t\t\t\t<div class=\"membership-tab-panel__desc\">\n\t\t\t\t\t<p>Shaba Life Club takes your experience to the next level with premium services designed specifically for your personal goals and lifestyle.<br \/>\n<strong>The following special services are offered for an additional fee:<\/strong><\/p>\n\t\t\t\t<\/div>\n\n\t\t\t\t\t\t\t\t<div class=\"membership-tab-panel__boxes\">\n\t\t\t\t\t\t\t\t\t\t<div class=\"membership-box\">\n\n\t\t\t\t\t\t\t\t\t\t\t\t<div class=\"membership-box__image\">\n\t\t\t\t\t\t\t<img width=\"792\" height=\"471\" src=\"https:\/\/shabalifeclub.com\/wp-content\/uploads\/2025\/10\/ek-left.png\" class=\"attachment-full size-full\" alt=\"\" srcset=\"https:\/\/shabalifeclub.com\/wp-content\/uploads\/2025\/10\/ek-left.png 792w, https:\/\/shabalifeclub.com\/wp-content\/uploads\/2025\/10\/ek-left-300x178.png 300w, https:\/\/shabalifeclub.com\/wp-content\/uploads\/2025\/10\/ek-left-768x457.png 768w\" sizes=\"auto, (max-width: 792px) 100vw, 792px\" decoding=\"async\" loading=\"lazy\" \/>\t\t\t\t\t\t<\/div>\n\t\t\t\t\t\t\n\t\t\t\t\t\t\t\t\t\t\t\t<div class=\"membership-box__content\">\n\t\t\t\t\t\t\t\t\t\t\t\t\t\t<div class=\"membership-box__item\">\n\t\t\t\t\t\t\t\t<h4 class=\"membership-box__item-title\">\n\t\t\t\t\t\t\t\t\tVIP Locker Room\t\t\t\t\t\t\t\t\t<img class=\"mobile-on\" src=\"https:\/\/shabalifeclub.com\/wp-content\/themes\/shaba\/assets\/img\/down-arrow-form.svg\" alt=\"\" loading=\"lazy\" decoding=\"async\">\n\t\t\t\t\t\t\t\t<\/h4>\n\t\t\t\t\t\t\t\t<div class=\"membership-box__item-desc\">\n\t\t\t\t\t\t\t\t\t<p>A special membership experience with a personal locker, private shower area, and high comfort privileges.<\/p>\n\t\t\t\t\t\t\t\t<\/div>\n\t\t\t\t\t\t\t<\/div>\n\t\t\t\t\t\t\t\t\t\t\t\t\t\t<div class=\"membership-box__item\">\n\t\t\t\t\t\t\t\t<h4 class=\"membership-box__item-title\">\n\t\t\t\t\t\t\t\t\tSo\u2019u Spa &amp; Wellness\t\t\t\t\t\t\t\t\t<img class=\"mobile-on\" src=\"https:\/\/shabalifeclub.com\/wp-content\/themes\/shaba\/assets\/img\/down-arrow-form.svg\" alt=\"\" loading=\"lazy\" decoding=\"async\">\n\t\t\t\t\t\t\t\t<\/h4>\n\t\t\t\t\t\t\t\t<div class=\"membership-box__item-desc\">\n\t\t\t\t\t\t\t\t\t<p>Physical and mental rejuvenation with massage, care, and therapy services.<\/p>\n\t\t\t\t\t\t\t\t<\/div>\n\t\t\t\t\t\t\t<\/div>\n\t\t\t\t\t\t\t\t\t\t\t\t\t\t<div class=\"membership-box__item\">\n\t\t\t\t\t\t\t\t<h4 class=\"membership-box__item-title\">\n\t\t\t\t\t\t\t\t\tShaba Barber\u2019s Club\t\t\t\t\t\t\t\t\t<img class=\"mobile-on\" src=\"https:\/\/shabalifeclub.com\/wp-content\/themes\/shaba\/assets\/img\/down-arrow-form.svg\" alt=\"\" loading=\"lazy\" decoding=\"async\">\n\t\t\t\t\t\t\t\t<\/h4>\n\t\t\t\t\t\t\t\t<div class=\"membership-box__item-desc\">\n\t\t\t\t\t\t\t\t\t<p>A modern and prestigious concept in men&#8217;s grooming.<\/p>\n\t\t\t\t\t\t\t\t<\/div>\n\t\t\t\t\t\t\t<\/div>\n\t\t\t\t\t\t\t\t\t\t\t\t\t\t<div class=\"membership-box__item\">\n\t\t\t\t\t\t\t\t<h4 class=\"membership-box__item-title\">\n\t\t\t\t\t\t\t\t\tChildren &amp; Adult Swimming Lessons\t\t\t\t\t\t\t\t\t<img class=\"mobile-on\" src=\"https:\/\/shabalifeclub.com\/wp-content\/themes\/shaba\/assets\/img\/down-arrow-form.svg\" alt=\"\" loading=\"lazy\" decoding=\"async\">\n\t\t\t\t\t\t\t\t<\/h4>\n\t\t\t\t\t\t\t\t<div class=\"membership-box__item-desc\">\n\t\t\t\t\t\t\t\t\t<p>Individual or group swimming lessons with professional trainers.<\/p>\n\t\t\t\t\t\t\t\t<\/div>\n\t\t\t\t\t\t\t<\/div>\n\t\t\t\t\t\t\t\t\t\t\t\t\t\t<div class=\"membership-box__item\">\n\t\t\t\t\t\t\t\t<h4 class=\"membership-box__item-title\">\n\t\t\t\t\t\t\t\t\tPersonal Trainer (PT) Service\t\t\t\t\t\t\t\t\t<img class=\"mobile-on\" src=\"https:\/\/shabalifeclub.com\/wp-content\/themes\/shaba\/assets\/img\/down-arrow-form.svg\" alt=\"\" loading=\"lazy\" decoding=\"async\">\n\t\t\t\t\t\t\t\t<\/h4>\n\t\t\t\t\t\t\t\t<div class=\"membership-box__item-desc\">\n\t\t\t\t\t\t\t\t\t<p>A program designed entirely for you and one-on-one motivation support.<\/p>\n\t\t\t\t\t\t\t\t<\/div>\n\t\t\t\t\t\t\t<\/div>\n\t\t\t\t\t\t\t\t\t\t\t\t\t\t<div class=\"membership-box__item\">\n\t\t\t\t\t\t\t\t<h4 class=\"membership-box__item-title\">\n\t\t\t\t\t\t\t\t\tDietitian Service\t\t\t\t\t\t\t\t\t<img class=\"mobile-on\" src=\"https:\/\/shabalifeclub.com\/wp-content\/themes\/shaba\/assets\/img\/down-arrow-form.svg\" alt=\"\" loading=\"lazy\" decoding=\"async\">\n\t\t\t\t\t\t\t\t<\/h4>\n\t\t\t\t\t\t\t\t<div class=\"membership-box__item-desc\">\n\t\t\t\t\t\t\t\t\t<p>Nutrition plan and regular monitoring tailored to your personal goals.<\/p>\n\t\t\t\t\t\t\t\t<\/div>\n\t\t\t\t\t\t\t<\/div>\n\t\t\t\t\t\t\t\t\t\t\t\t\t<\/div>\n\t\t\t\t\t\t\n\t\t\t\t\t<\/div>\n\t\t\t\t\t\t\t\t\t\t<div class=\"membership-box\">\n\n\t\t\t\t\t\t\t\t\t\t\t\t<div class=\"membership-box__image\">\n\t\t\t\t\t\t\t<img width=\"792\" height=\"471\" src=\"https:\/\/shabalifeclub.com\/wp-content\/uploads\/2025\/10\/ek-right.png\" class=\"attachment-full size-full\" alt=\"\" srcset=\"https:\/\/shabalifeclub.com\/wp-content\/uploads\/2025\/10\/ek-right.png 792w, https:\/\/shabalifeclub.com\/wp-content\/uploads\/2025\/10\/ek-right-300x178.png 300w, https:\/\/shabalifeclub.com\/wp-content\/uploads\/2025\/10\/ek-right-768x457.png 768w\" sizes=\"auto, (max-width: 792px) 100vw, 792px\" decoding=\"async\" loading=\"lazy\" \/>\t\t\t\t\t\t<\/div>\n\t\t\t\t\t\t\n\t\t\t\t\t\t\t\t\t\t\t\t<div class=\"membership-box__content\">\n\t\t\t\t\t\t\t\t\t\t\t\t\t\t<div class=\"membership-box__item\">\n\t\t\t\t\t\t\t\t<h4 class=\"membership-box__item-title\">\n\t\t\t\t\t\t\t\t\tRecovery Devices (Normatec)\t\t\t\t\t\t\t\t\t<img class=\"mobile-on\" src=\"https:\/\/shabalifeclub.com\/wp-content\/themes\/shaba\/assets\/img\/down-arrow-form.svg\" alt=\"\" loading=\"lazy\" decoding=\"async\">\n\t\t\t\t\t\t\t\t<\/h4>\n\t\t\t\t\t\t\t\t<div class=\"membership-box__item-desc\">\n\t\t\t\t\t\t\t\t\t<p>Advanced technology support for muscle regeneration, circulation, and performance enhancement.<\/p>\n\t\t\t\t\t\t\t\t<\/div>\n\t\t\t\t\t\t\t<\/div>\n\t\t\t\t\t\t\t\t\t\t\t\t\t\t<div class=\"membership-box__item\">\n\t\t\t\t\t\t\t\t<h4 class=\"membership-box__item-title\">\n\t\t\t\t\t\t\t\t\tPhysiotherapist Service\t\t\t\t\t\t\t\t\t<img class=\"mobile-on\" src=\"https:\/\/shabalifeclub.com\/wp-content\/themes\/shaba\/assets\/img\/down-arrow-form.svg\" alt=\"\" loading=\"lazy\" decoding=\"async\">\n\t\t\t\t\t\t\t\t<\/h4>\n\t\t\t\t\t\t\t\t<div class=\"membership-box__item-desc\">\n\t\t\t\t\t\t\t\t\t<p>Musculoskeletal system health, posture analysis, and rehabilitation support.<\/p>\n\t\t\t\t\t\t\t\t<\/div>\n\t\t\t\t\t\t\t<\/div>\n\t\t\t\t\t\t\t\t\t\t\t\t\t\t<div class=\"membership-box__item\">\n\t\t\t\t\t\t\t\t<h4 class=\"membership-box__item-title\">\n\t\t\t\t\t\t\t\t\tFMS Assessment (Functional Movement Screen)\t\t\t\t\t\t\t\t\t<img class=\"mobile-on\" src=\"https:\/\/shabalifeclub.com\/wp-content\/themes\/shaba\/assets\/img\/down-arrow-form.svg\" alt=\"\" loading=\"lazy\" decoding=\"async\">\n\t\t\t\t\t\t\t\t<\/h4>\n\t\t\t\t\t\t\t\t<div class=\"membership-box__item-desc\">\n\t\t\t\t\t\t\t\t\t<p>Improves your training quality by analyzing your range of motion.<\/p>\n\t\t\t\t\t\t\t\t<\/div>\n\t\t\t\t\t\t\t<\/div>\n\t\t\t\t\t\t\t\t\t\t\t\t\t\t<div class=\"membership-box__item\">\n\t\t\t\t\t\t\t\t<h4 class=\"membership-box__item-title\">\n\t\t\t\t\t\t\t\t\tShaba Kitchen\t\t\t\t\t\t\t\t\t<img class=\"mobile-on\" src=\"https:\/\/shabalifeclub.com\/wp-content\/themes\/shaba\/assets\/img\/down-arrow-form.svg\" alt=\"\" loading=\"lazy\" decoding=\"async\">\n\t\t\t\t\t\t\t\t<\/h4>\n\t\t\t\t\t\t\t\t<div class=\"membership-box__item-desc\">\n\t\t\t\t\t\t\t\t\t<p>Stay energetic all day long with healthy meals, protein menus, breakfast, and coffee options.<\/p>\n\t\t\t\t\t\t\t\t<\/div>\n\t\t\t\t\t\t\t<\/div>\n\t\t\t\t\t\t\t\t\t\t\t\t\t\t<div class=\"membership-box__item\">\n\t\t\t\t\t\t\t\t<h4 class=\"membership-box__item-title\">\n\t\t\t\t\t\t\t\t\tJuice Bar\t\t\t\t\t\t\t\t\t<img class=\"mobile-on\" src=\"https:\/\/shabalifeclub.com\/wp-content\/themes\/shaba\/assets\/img\/down-arrow-form.svg\" alt=\"\" loading=\"lazy\" decoding=\"async\">\n\t\t\t\t\t\t\t\t<\/h4>\n\t\t\t\t\t\t\t\t<div class=\"membership-box__item-desc\">\n\t\t\t\t\t\t\t\t\t<p>Freshly squeezed juices, smoothies, and vitamin-filled drinks for vitality.<\/p>\n\t\t\t\t\t\t\t\t<\/div>\n\t\t\t\t\t\t\t<\/div>\n\t\t\t\t\t\t\t\t\t\t\t\t\t\t<div class=\"membership-box__item\">\n\t\t\t\t\t\t\t\t<h4 class=\"membership-box__item-title\">\n\t\t\t\t\t\t\t\t\tValet Service\t\t\t\t\t\t\t\t\t<img class=\"mobile-on\" src=\"https:\/\/shabalifeclub.com\/wp-content\/themes\/shaba\/assets\/img\/down-arrow-form.svg\" alt=\"\" loading=\"lazy\" decoding=\"async\">\n\t\t\t\t\t\t\t\t<\/h4>\n\t\t\t\t\t\t\t\t<div class=\"membership-box__item-desc\">\n\t\t\t\t\t\t\t\t\t<p>Hand over your vehicle parking safely; your comfort begins at Shaba.<\/p>\n\t\t\t\t\t\t\t\t<\/div>\n\t\t\t\t\t\t\t<\/div>\n\t\t\t\t\t\t\t\t\t\t\t\t\t<\/div>\n\t\t\t\t\t\t\n\t\t\t\t\t<\/div>\n\t\t\t\t\t\t\t\t\t<\/div>\n\t\t\t\t\n\t\t\t<\/div>\n\t\t\t\t\t<\/div>\n\t<\/div>\n<\/section>\n<section class=\"instagram-banner\">\n\t<div class=\"container\">\n\t\t<div class=\"instagram-banner-field\">\n\t\t\t<div class=\"title-field\">\n\t\t\t\t<h2 class=\"title\">Instagram<\/h2>\n\t\t\t<\/div>\n\t\t\t<div class=\"field\">\n\t\t\t\t<div class=\"instagram-area\">\n\t\t\t\t\t\t\t<div id=\"instagram-gallery-feed-0\" class=\"instagram-gallery-feed\" data-feed=\"{&quot;id&quot;:0,&quot;account_id&quot;:&quot;24752041914489949&quot;,&quot;source&quot;:&quot;username&quot;,&quot;tag&quot;:&quot;wordpress&quot;,&quot;order_by&quot;:&quot;top_media&quot;,&quot;layout&quot;:&quot;carousel&quot;,&quot;limit&quot;:8,&quot;columns&quot;:3,&quot;spacing&quot;:10,&quot;lazy&quot;:true,&quot;responsive&quot;:{&quot;desktop&quot;:{&quot;columns&quot;:6,&quot;spacing&quot;:10},&quot;tablet&quot;:{&quot;columns&quot;:2,&quot;spacing&quot;:8},&quot;mobile&quot;:{&quot;columns&quot;:1,&quot;spacing&quot;:6},&quot;breakpoints&quot;:{&quot;tablet&quot;:768,&quot;mobile&quot;:480}},&quot;aspect_ratio&quot;:{&quot;width&quot;:1,&quot;height&quot;:1},&quot;highlight&quot;:{&quot;tag&quot;:&quot;&quot;,&quot;id&quot;:&quot;&quot;,&quot;position&quot;:&quot;1,3,5&quot;},&quot;reel&quot;:{&quot;hide&quot;:false},&quot;copyright&quot;:{&quot;hide&quot;:false,&quot;placeholder&quot;:&quot;&quot;},&quot;profile&quot;:{&quot;display&quot;:false,&quot;username&quot;:&quot;&quot;,&quot;nickname&quot;:&quot;&quot;,&quot;website&quot;:&quot;&quot;,&quot;biography&quot;:&quot;&quot;,&quot;link_text&quot;:&quot;Follow&quot;,&quot;website_text&quot;:&quot;Website&quot;,&quot;avatar&quot;:&quot;&quot;},&quot;box&quot;:{&quot;display&quot;:false,&quot;padding&quot;:1,&quot;radius&quot;:0,&quot;background&quot;:&quot;#fefefe&quot;,&quot;profile&quot;:false,&quot;desc&quot;:&quot;&quot;,&quot;text_color&quot;:&quot;#000000&quot;},&quot;mask&quot;:{&quot;display&quot;:false,&quot;background&quot;:&quot;#000000&quot;,&quot;icon_color&quot;:&quot;#ffffff&quot;,&quot;likes_count&quot;:true,&quot;comments_count&quot;:true},&quot;card&quot;:{&quot;display&quot;:false,&quot;radius&quot;:1,&quot;font_size&quot;:12,&quot;background&quot;:&quot;#ffffff&quot;,&quot;background_hover&quot;:&quot;&quot;,&quot;text_color&quot;:&quot;#000000&quot;,&quot;padding&quot;:5,&quot;likes_count&quot;:false,&quot;text_length&quot;:10,&quot;comments_count&quot;:false,&quot;text_align&quot;:&quot;left&quot;},&quot;carousel&quot;:{&quot;centered_slides&quot;:false,&quot;autoplay&quot;:false,&quot;autoplay_interval&quot;:3000,&quot;navarrows&quot;:true,&quot;navarrows_color&quot;:&quot;&quot;,&quot;pagination&quot;:true,&quot;pagination_color&quot;:&quot;&quot;},&quot;modal&quot;:{&quot;display&quot;:true,&quot;profile&quot;:true,&quot;media_description&quot;:true,&quot;likes_count&quot;:true,&quot;comments_count&quot;:true,&quot;comments_list&quot;:false,&quot;text_align&quot;:&quot;left&quot;,&quot;modal_align&quot;:&quot;right&quot;,&quot;text_length&quot;:10000,&quot;font_size&quot;:12},&quot;button&quot;:{&quot;display&quot;:false,&quot;text&quot;:&quot;View on Instagram&quot;,&quot;text_color&quot;:&quot;#ffff&quot;,&quot;background&quot;:&quot;&quot;,&quot;background_hover&quot;:&quot;&quot;},&quot;button_load&quot;:{&quot;display&quot;:false,&quot;text&quot;:&quot;Load more...&quot;,&quot;text_color&quot;:&quot;#ffff&quot;,&quot;background&quot;:&quot;&quot;,&quot;background_hover&quot;:&quot;&quot;}}\">\n\t\t<!-- <FeedContainer\/> -->\n\t\t<\/div>\n\t\t\t\t\t\t<\/div>\n\n\t\t\t\t\t\t\t\t<a href=\"https:\/\/www.instagram.com\/shabalifeclub\/\" class=\"btn instagram-btn\" target=\"_blank\" rel=\"noopener\">\n\t\t\t\t\tFollow @shabalifeclub\t\t\t\t<\/a>\n\t\t\t\t\t\t\t<\/div>\n\t\t<\/div>\n\t<\/div>\n<\/section>\n","protected":false},"excerpt":{"rendered":"","protected":false},"author":1,"featured_media":0,"parent":0,"menu_order":0,"comment_status":"closed","ping_status":"closed","template":"","meta":{"inline_featured_image":false,"footnotes":""},"class_list":["post-1014","page","type-page","status-publish","hentry"],"acf":[],"_links":{"self":[{"href":"https:\/\/shabalifeclub.com\/en\/wp-json\/wp\/v2\/pages\/1014","targetHints":{"allow":["GET"]}}],"collection":[{"href":"https:\/\/shabalifeclub.com\/en\/wp-json\/wp\/v2\/pages"}],"about":[{"href":"https:\/\/shabalifeclub.com\/en\/wp-json\/wp\/v2\/types\/page"}],"author":[{"embeddable":true,"href":"https:\/\/shabalifeclub.com\/en\/wp-json\/wp\/v2\/users\/1"}],"replies":[{"embeddable":true,"href":"https:\/\/shabalifeclub.com\/en\/wp-json\/wp\/v2\/comments?post=1014"}],"version-history":[{"count":3,"href":"https:\/\/shabalifeclub.com\/en\/wp-json\/wp\/v2\/pages\/1014\/revisions"}],"predecessor-version":[{"id":1225,"href":"https:\/\/shabalifeclub.com\/en\/wp-json\/wp\/v2\/pages\/1014\/revisions\/1225"}],"wp:attachment":[{"href":"https:\/\/shabalifeclub.com\/en\/wp-json\/wp\/v2\/media?parent=1014"}],"curies":[{"name":"wp","href":"https:\/\/api.w.org\/{rel}","templated":true}]}}