{"id":1012,"date":"2025-09-13T13:46:30","date_gmt":"2025-09-13T13:46:30","guid":{"rendered":"https:\/\/shabalifeclub.com\/contact\/"},"modified":"2026-02-09T18:30:23","modified_gmt":"2026-02-09T18:30:23","slug":"contact","status":"publish","type":"page","link":"https:\/\/shabalifeclub.com\/en\/contact\/","title":{"rendered":"Contact"},"content":{"rendered":"<section class=\"contact-section\">\n\t<div class=\"container\">\n\t\t<div class=\"contact-box\">\n\t\t\t\t\t\t<div class=\"image-banner relative\">\n\t\t\t\t<img width=\"2560\" height=\"2023\" src=\"https:\/\/shabalifeclub.com\/wp-content\/uploads\/2025\/10\/ILETISIM-GORSEL-1-scaled.png\" class=\"attachment-full size-full\" alt=\"\" srcset=\"https:\/\/shabalifeclub.com\/wp-content\/uploads\/2025\/10\/ILETISIM-GORSEL-1-scaled.png 2560w, https:\/\/shabalifeclub.com\/wp-content\/uploads\/2025\/10\/ILETISIM-GORSEL-1-300x237.png 300w, https:\/\/shabalifeclub.com\/wp-content\/uploads\/2025\/10\/ILETISIM-GORSEL-1-1024x809.png 1024w, https:\/\/shabalifeclub.com\/wp-content\/uploads\/2025\/10\/ILETISIM-GORSEL-1-768x607.png 768w, https:\/\/shabalifeclub.com\/wp-content\/uploads\/2025\/10\/ILETISIM-GORSEL-1-1536x1214.png 1536w\" sizes=\"auto, (max-width: 2560px) 100vw, 2560px\" decoding=\"async\" loading=\"lazy\" \/>\t\t\t<\/div>\n\t\t\t\t\t\t\n\t\t\t<div class=\"contact-content\">\n\t\t\t\t<div class=\"content-field\">\n\t\t\t\t\t\n\t\t\t\t\t\t\t\t\t\t<div class=\"box\">\n\t\t\t\t\t\t\t\t\t\t\t\t<h2 class=\"contact-title\">Get to Know Us Better;<\/h2>\n\t\t\t\t\t\t\n\t\t\t\t\t\t\t\t\t\t\t\t<div class=\"box-item\">\n\t\t\t\t\t\t\t\t\t\t\t\t\t\t\t\t\t\t\t\t\t<a href=\"https:\/\/www.instagram.com\/shabalifeclub\/\" class=\"item\" title=\"shabalifeclub\" target=\"_blank\" rel=\"noopener\">\n\t\t\t\t\t\t\t\t\t\t\t\t\t\t\t\t<img width=\"27\" height=\"27\" src=\"https:\/\/shabalifeclub.com\/wp-content\/uploads\/2025\/10\/insta.svg\" class=\"attachment-full size-full\" alt=\"\" decoding=\"async\" loading=\"lazy\" \/>\t\t\t\t\t\t\t\t\t\t\t\t\t\t\t\t<span>shabalifeclub<\/span>\n\t\t\t\t\t\t\t<\/a>\n\t\t\t\t\t\t\t\t\t\t\t\t\t\t\t\t\t\t\t\t\t\t\t\t\t\t\t\t<a href=\"tel:02163397777\" \n\t\t\t\t\t\t\t   class=\"item\" \n\t\t\t\t\t\t\t   title=\"0216 339 77 77\">\n\t\t\t\t\t\t\t\t\t\t\t\t\t\t\t\t<img width=\"24\" height=\"24\" src=\"https:\/\/shabalifeclub.com\/wp-content\/uploads\/2025\/10\/phone-1.svg\" class=\"attachment-full size-full\" alt=\"\" decoding=\"async\" loading=\"lazy\" \/>\t\t\t\t\t\t\t\t\t\t\t\t\t\t\t\t<span>0216 339 77 77<\/span>\n\t\t\t\t\t\t\t<\/a>\n\t\t\t\t\t\t\t\t\t\t\t\t\t\t\t\t\t\t\t\t\t\t\t\t\t\t\t\t<a href=\"mailto:info@shabalifeclub.com\" \n\t\t\t\t\t\t\t   class=\"item\" \n\t\t\t\t\t\t\t   title=\"info@shabalifeclub.com\">\n\t\t\t\t\t\t\t\t\t\t\t\t\t\t\t\t<img width=\"21\" height=\"16\" src=\"https:\/\/shabalifeclub.com\/wp-content\/uploads\/2025\/10\/mail.svg\" class=\"attachment-full size-full\" alt=\"\" decoding=\"async\" loading=\"lazy\" \/>\t\t\t\t\t\t\t\t\t\t\t\t\t\t\t\t<span>info@shabalifeclub.com<\/span>\n\t\t\t\t\t\t\t<\/a>\n\t\t\t\t\t\t\t\t\t\t\t\t\t\t\t\t\t\t\t\t<\/div>\n\t\t\t\t\t\t\t\t\t\t\t<\/div>\n\t\t\t\t\t\n\t\t\t\t\t\t\t\t\t\t<div class=\"box\">\n\t\t\t\t\t\t\t\t\t\t\t\t<h2 class=\"contact-title\">Address<\/h2>\n\t\t\t\t\t\t\t\t\t\t\t\t\n\t\t\t\t\t\t\t\t\t\t\t\t<div><p>Ac\u0131badem Mah. \u00c7e\u00e7en Sok. No:46\/1 \u00dcsk\u00fcdar &#8211; Istanbul<br \/>\nAkasya Mall<\/p>\n<\/div>\n\t\t\t\t\t\t\n\t\t\t\t\t\t\t\t\t\t\t\t<a class=\"see-to-map\" href=\"https:\/\/www.google.com\/maps\/place\/Shaba+Life+Club\/@41.0032315,29.0484819,17z\/data=!4m9!1m2!2m1!1zQWPEsWJhZGVtIE1haC4gw4dlw6dlbiBTb2suIE5vOjQ2LzEgw5xza8O8ZGFyIC0gxLBzdGFuYnVsICBBa2FzeWEgQXZt!3m5!1s0x14cac7fa2d981e01:0xaa02965340751bd3!8m2!3d41.0032313!4d29.0532454!16s%2Fg%2F11d_vdfjxs?entry=ttu&#038;g_ep=EgoyMDI1MTAxNC4wIKXMDSoASAFQAw%3D%3D\" target=\"_blank\" rel=\"noopener\">\n\t\t\t\t\t\t\tView on Map\t\t\t\t\t\t<\/a>\n\t\t\t\t\t\t\t\t\t\t\t<\/div>\n\t\t\t\t\t\t\t\t\t\t\n\t\t\t\t\t\t\t\t\t\t<h2 class=\"contact-title\">Contact Form<\/h2>\n\t\t\t\t\t\t\t\t\t\t\n\t\t\t\t\t\n<div class=\"wpcf7 no-js\" id=\"wpcf7-f1118-o1\" lang=\"en-US\" dir=\"ltr\" data-wpcf7-id=\"1118\">\n<div class=\"screen-reader-response\"><p role=\"status\" aria-live=\"polite\" aria-atomic=\"true\"><\/p> <ul><\/ul><\/div>\n<form action=\"\/en\/wp-json\/wp\/v2\/pages\/1012#wpcf7-f1118-o1\" method=\"post\" class=\"wpcf7-form init\" aria-label=\"Contact form\" novalidate=\"novalidate\" data-status=\"init\">\n<fieldset class=\"hidden-fields-container\"><input type=\"hidden\" name=\"_wpcf7\" value=\"1118\" \/><input type=\"hidden\" name=\"_wpcf7_version\" value=\"6.1.3\" \/><input type=\"hidden\" name=\"_wpcf7_locale\" value=\"en_US\" \/><input type=\"hidden\" name=\"_wpcf7_unit_tag\" value=\"wpcf7-f1118-o1\" \/><input type=\"hidden\" name=\"_wpcf7_container_post\" value=\"0\" \/><input type=\"hidden\" name=\"_wpcf7_posted_data_hash\" value=\"\" \/>\n<\/fieldset>\n<p><span class=\"wpcf7-form-control-wrap\" data-name=\"your-name\"><input size=\"40\" maxlength=\"400\" class=\"wpcf7-form-control wpcf7-text wpcf7-validates-as-required\" aria-required=\"true\" aria-invalid=\"false\" placeholder=\"Name Surname\" value=\"\" type=\"text\" name=\"your-name\" \/><\/span><br \/>\n<span class=\"wpcf7-form-control-wrap\" data-name=\"your-phone\"><input size=\"40\" maxlength=\"400\" class=\"wpcf7-form-control wpcf7-tel wpcf7-validates-as-required wpcf7-text wpcf7-validates-as-tel\" aria-required=\"true\" aria-invalid=\"false\" placeholder=\"Phone Number\" value=\"\" type=\"tel\" name=\"your-phone\" \/><\/span><br \/>\n<span class=\"wpcf7-form-control-wrap\" data-name=\"your-email\"><input size=\"40\" maxlength=\"400\" class=\"wpcf7-form-control wpcf7-email wpcf7-validates-as-required wpcf7-text wpcf7-validates-as-email\" aria-required=\"true\" aria-invalid=\"false\" placeholder=\"E-mail\" value=\"\" type=\"email\" name=\"your-email\" \/><\/span><br \/>\n<span class=\"wpcf7-form-control-wrap\" data-name=\"your-subject\"><select class=\"wpcf7-form-control wpcf7-select wpcf7-validates-as-required custom-select\" aria-required=\"true\" aria-invalid=\"false\" name=\"your-subject\"><option value=\"Subject\">Subject<\/option><option value=\"Request\/Suggestion\">Request\/Suggestion<\/option><option value=\"Complaint\">Complaint<\/option><option value=\"Membership\">Membership<\/option><\/select><\/span>\n<\/p>\n<div class=\"checkbox-field\">\n\t<p><span class=\"wpcf7-form-control-wrap\" data-name=\"checkbox-183\"><span class=\"wpcf7-form-control wpcf7-checkbox\"><span class=\"wpcf7-list-item first last\"><label><input type=\"checkbox\" name=\"checkbox-183[]\" value=\"\" \/><span class=\"wpcf7-list-item-label\"><\/span><\/label><\/span><\/span><\/span><span class=\"checkbox-label\">I have read, understood, and approve <a href=\"#\" class=\"kvkk-link\">the information text regarding electronic commercial messages<\/a><\/span>\n\t<\/p>\n<\/div>\n<p><input class=\"wpcf7-form-control wpcf7-submit has-spinner btn\" type=\"submit\" value=\"Send\" \/>\n<\/p><div class=\"wpcf7-response-output\" aria-hidden=\"true\"><\/div>\n<\/form>\n<\/div>\n\t\t\t\t<\/div>\n\t\t\t<\/div>\n\t\t<\/div>\n\t<\/div>\n<\/section>\n\n<section class=\"instagram-banner\">\n\t<div class=\"container\">\n\t\t<div class=\"instagram-banner-field\">\n\t\t\t<div class=\"title-field\">\n\t\t\t\t<h2 class=\"title\">Instagram<\/h2>\n\t\t\t<\/div>\n\t\t\t<div class=\"field\">\n\t\t\t\t<div class=\"instagram-area\">\n\t\t\t\t\t\t\t<div id=\"instagram-gallery-feed-0\" class=\"instagram-gallery-feed\" data-feed=\"{&quot;id&quot;:0,&quot;account_id&quot;:&quot;24752041914489949&quot;,&quot;source&quot;:&quot;username&quot;,&quot;tag&quot;:&quot;wordpress&quot;,&quot;order_by&quot;:&quot;top_media&quot;,&quot;layout&quot;:&quot;carousel&quot;,&quot;limit&quot;:8,&quot;columns&quot;:3,&quot;spacing&quot;:10,&quot;lazy&quot;:true,&quot;responsive&quot;:{&quot;desktop&quot;:{&quot;columns&quot;:6,&quot;spacing&quot;:10},&quot;tablet&quot;:{&quot;columns&quot;:2,&quot;spacing&quot;:8},&quot;mobile&quot;:{&quot;columns&quot;:1,&quot;spacing&quot;:6},&quot;breakpoints&quot;:{&quot;tablet&quot;:768,&quot;mobile&quot;:480}},&quot;aspect_ratio&quot;:{&quot;width&quot;:1,&quot;height&quot;:1},&quot;highlight&quot;:{&quot;tag&quot;:&quot;&quot;,&quot;id&quot;:&quot;&quot;,&quot;position&quot;:&quot;1,3,5&quot;},&quot;reel&quot;:{&quot;hide&quot;:false},&quot;copyright&quot;:{&quot;hide&quot;:false,&quot;placeholder&quot;:&quot;&quot;},&quot;profile&quot;:{&quot;display&quot;:false,&quot;username&quot;:&quot;&quot;,&quot;nickname&quot;:&quot;&quot;,&quot;website&quot;:&quot;&quot;,&quot;biography&quot;:&quot;&quot;,&quot;link_text&quot;:&quot;Follow&quot;,&quot;website_text&quot;:&quot;Website&quot;,&quot;avatar&quot;:&quot;&quot;},&quot;box&quot;:{&quot;display&quot;:false,&quot;padding&quot;:1,&quot;radius&quot;:0,&quot;background&quot;:&quot;#fefefe&quot;,&quot;profile&quot;:false,&quot;desc&quot;:&quot;&quot;,&quot;text_color&quot;:&quot;#000000&quot;},&quot;mask&quot;:{&quot;display&quot;:false,&quot;background&quot;:&quot;#000000&quot;,&quot;icon_color&quot;:&quot;#ffffff&quot;,&quot;likes_count&quot;:true,&quot;comments_count&quot;:true},&quot;card&quot;:{&quot;display&quot;:false,&quot;radius&quot;:1,&quot;font_size&quot;:12,&quot;background&quot;:&quot;#ffffff&quot;,&quot;background_hover&quot;:&quot;&quot;,&quot;text_color&quot;:&quot;#000000&quot;,&quot;padding&quot;:5,&quot;likes_count&quot;:false,&quot;text_length&quot;:10,&quot;comments_count&quot;:false,&quot;text_align&quot;:&quot;left&quot;},&quot;carousel&quot;:{&quot;centered_slides&quot;:false,&quot;autoplay&quot;:false,&quot;autoplay_interval&quot;:3000,&quot;navarrows&quot;:true,&quot;navarrows_color&quot;:&quot;&quot;,&quot;pagination&quot;:true,&quot;pagination_color&quot;:&quot;&quot;},&quot;modal&quot;:{&quot;display&quot;:true,&quot;profile&quot;:true,&quot;media_description&quot;:true,&quot;likes_count&quot;:true,&quot;comments_count&quot;:true,&quot;comments_list&quot;:false,&quot;text_align&quot;:&quot;left&quot;,&quot;modal_align&quot;:&quot;right&quot;,&quot;text_length&quot;:10000,&quot;font_size&quot;:12},&quot;button&quot;:{&quot;display&quot;:false,&quot;text&quot;:&quot;View on Instagram&quot;,&quot;text_color&quot;:&quot;#ffff&quot;,&quot;background&quot;:&quot;&quot;,&quot;background_hover&quot;:&quot;&quot;},&quot;button_load&quot;:{&quot;display&quot;:false,&quot;text&quot;:&quot;Load more...&quot;,&quot;text_color&quot;:&quot;#ffff&quot;,&quot;background&quot;:&quot;&quot;,&quot;background_hover&quot;:&quot;&quot;}}\">\n\t\t<!-- <FeedContainer\/> -->\n\t\t<\/div>\n\t\t\t\t\t\t<\/div>\n\n\t\t\t\t\t\t\t\t<a href=\"https:\/\/www.instagram.com\/shabalifeclub\/\" class=\"btn instagram-btn\" target=\"_blank\" rel=\"noopener\">\n\t\t\t\t\tFollow @shabalifeclub\t\t\t\t<\/a>\n\t\t\t\t\t\t\t<\/div>\n\t\t<\/div>\n\t<\/div>\n<\/section>\n","protected":false},"excerpt":{"rendered":"","protected":false},"author":1,"featured_media":0,"parent":0,"menu_order":0,"comment_status":"closed","ping_status":"closed","template":"","meta":{"inline_featured_image":false,"footnotes":""},"class_list":["post-1012","page","type-page","status-publish","hentry"],"acf":[],"_links":{"self":[{"href":"https:\/\/shabalifeclub.com\/en\/wp-json\/wp\/v2\/pages\/1012","targetHints":{"allow":["GET"]}}],"collection":[{"href":"https:\/\/shabalifeclub.com\/en\/wp-json\/wp\/v2\/pages"}],"about":[{"href":"https:\/\/shabalifeclub.com\/en\/wp-json\/wp\/v2\/types\/page"}],"author":[{"embeddable":true,"href":"https:\/\/shabalifeclub.com\/en\/wp-json\/wp\/v2\/users\/1"}],"replies":[{"embeddable":true,"href":"https:\/\/shabalifeclub.com\/en\/wp-json\/wp\/v2\/comments?post=1012"}],"version-history":[{"count":11,"href":"https:\/\/shabalifeclub.com\/en\/wp-json\/wp\/v2\/pages\/1012\/revisions"}],"predecessor-version":[{"id":1213,"href":"https:\/\/shabalifeclub.com\/en\/wp-json\/wp\/v2\/pages\/1012\/revisions\/1213"}],"wp:attachment":[{"href":"https:\/\/shabalifeclub.com\/en\/wp-json\/wp\/v2\/media?parent=1012"}],"curies":[{"name":"wp","href":"https:\/\/api.w.org\/{rel}","templated":true}]}}